{"id":9,"date":"2024-07-08T17:10:33","date_gmt":"2024-07-08T22:10:33","guid":{"rendered":"https:\/\/jacsantamariadellago.com\/?page_id=9"},"modified":"2024-08-05T21:31:20","modified_gmt":"2024-08-06T02:31:20","slug":"homepage","status":"publish","type":"page","link":"https:\/\/jacsantamariadellago.com\/","title":{"rendered":"Homepage"},"content":{"rendered":"\n<div class=\"wp-block-cover alignfull is-light\" style=\"min-height:746px;aspect-ratio:unset;\"><span aria-hidden=\"true\" class=\"wp-block-cover__background has-background-dim-20 has-background-dim\" style=\"background-color:#FFF\"><\/span><video class=\"wp-block-cover__video-background intrinsic-ignore\" autoplay muted loop playsinline src=\"https:\/\/jacsantamariadellago.com\/wp-content\/uploads\/2024\/07\/Video-sin-titulo-\u2010-Hecho-con-Clipchamp-2.mp4\" style=\"object-position:51% 70%\" data-object-fit=\"cover\" data-object-position=\"51% 70%\"><\/video><div class=\"wp-block-cover__inner-container has-global-padding is-layout-constrained wp-block-cover-is-layout-constrained\">\n<p class=\"has-text-align-center has-white-color has-text-color has-link-color has-max-60-font-size wp-elements-80f1ea70ab2caf5ef7d9c8ffd288eb9a\" style=\"font-style:normal;font-weight:700\">JAC SANTA MAR\u00cdA DEL LAGO<\/p>\n\n\n\n<div class=\"wp-block-buttons is-content-justification-center is-layout-flex wp-container-core-buttons-is-layout-1 wp-block-buttons-is-layout-flex\"><\/div>\n<\/div><\/div>\n\n\n\n<div class=\"wp-block-group has-global-padding is-layout-constrained wp-block-group-is-layout-constrained\">\n<div style=\"height:57px\" aria-hidden=\"true\" class=\"wp-block-spacer\"><\/div>\n\n\n\n<h2 class=\"wp-block-heading has-text-align-center has-medium-font-size\" style=\"letter-spacing:1px\">Junta de Acci\u00f3n Comunal Santa Mar\u00eda del Lago<\/h2>\n\n\n\n<p class=\"has-text-align-center\">Nos place anunciar a la comunidad la p\u00e1gina web oficial de la Junta de acci\u00f3n Comunal Santa Mar\u00eda del Lago<\/p>\n\n\n\n<div class=\"wp-block-buttons is-horizontal is-content-justification-center is-layout-flex wp-container-core-buttons-is-layout-2 wp-block-buttons-is-layout-flex\">\n<div class=\"wp-block-button has-custom-font-size is-style-outline has-small-font-size\"><a class=\"wp-block-button__link wp-element-button\" href=\"#\" style=\"border-radius:0px\">Acerca de Nosotros<\/a><\/div>\n<\/div>\n\n\n\n<div style=\"height:57px\" aria-hidden=\"true\" class=\"wp-block-spacer\"><\/div>\n<\/div>\n\n\n\n<div class=\"wp-block-group alignfull pattern_multiple_covers has-background has-global-padding is-layout-constrained wp-block-group-is-layout-constrained\" id=\"services\" style=\"background-color:#f8f8f8\">\n<div style=\"height:84px\" aria-hidden=\"true\" class=\"wp-block-spacer\"><\/div>\n\n\n\n<p class=\"has-text-align-left has-secondary-color has-text-color\" style=\"letter-spacing:1px\"><\/p>\n\n\n\n<h2 class=\"wp-block-heading has-text-align-left\">Conoce m\u00e1s sobre nuestro barrio<\/h2>\n\n\n\n<p class=\"has-text-align-left\"><\/p>\n\n\n\n<div class=\"wp-block-columns is-layout-flex wp-container-core-columns-is-layout-1 wp-block-columns-is-layout-flex\">\n<div class=\"wp-block-column is-layout-flow wp-block-column-is-layout-flow\" style=\"padding-top:0;padding-right:0;padding-bottom:0;padding-left:0\">\n<div class=\"wp-block-cover has-custom-content-position is-position-bottom-left\" style=\"padding-top:var(--wp--preset--spacing--small);padding-right:var(--wp--preset--spacing--x-small);padding-bottom:var(--wp--preset--spacing--small);padding-left:var(--wp--preset--spacing--x-small)\"><span aria-hidden=\"true\" class=\"wp-block-cover__background has-primary-background-color has-background-dim-70 has-background-dim\"><\/span><img fetchpriority=\"high\" decoding=\"async\" width=\"675\" height=\"390\" class=\"wp-block-cover__image-background wp-image-36\" alt=\"\" src=\"https:\/\/jacsantamariadellago.com\/wp-content\/uploads\/2024\/07\/IMG_20221101_131814-1.jpg\" style=\"object-position:54% 57%\" data-object-fit=\"cover\" data-object-position=\"54% 57%\" srcset=\"https:\/\/jacsantamariadellago.com\/wp-content\/uploads\/2024\/07\/IMG_20221101_131814-1.jpg 675w, https:\/\/jacsantamariadellago.com\/wp-content\/uploads\/2024\/07\/IMG_20221101_131814-1-300x173.jpg 300w\" sizes=\"(max-width: 675px) 100vw, 675px\" \/><div class=\"wp-block-cover__inner-container is-layout-flow wp-block-cover-is-layout-flow\">\n<h3 class=\"wp-block-heading has-white-color has-text-color has-medium-font-size\" style=\"margin-top:0;margin-right:0;margin-bottom:0;margin-left:0\">Humedal Santa Mar\u00eda del Lago<\/h3>\n\n\n\n<p class=\"has-secondary-color has-text-color has-link-color wp-elements-f2699eefec863d832e310e60ed80beb2\" style=\"margin-top:0;margin-right:0;margin-bottom:0;margin-left:0\"><a href=\"#\" title=\"https:\/\/jacsantamariadellago.com\/index.php\/humedal-santa-maria-del-lago\/\">Explorar <\/a><a href=\"#\">\u2192<\/a><\/p>\n<\/div><\/div>\n<\/div>\n\n\n\n<div class=\"wp-block-column is-layout-flow wp-block-column-is-layout-flow\" style=\"padding-top:0;padding-right:0;padding-bottom:0;padding-left:0\">\n<div class=\"wp-block-cover has-custom-content-position is-position-bottom-left\" style=\"padding-top:var(--wp--preset--spacing--small);padding-right:var(--wp--preset--spacing--x-small);padding-bottom:var(--wp--preset--spacing--small);padding-left:var(--wp--preset--spacing--x-small)\"><span aria-hidden=\"true\" class=\"wp-block-cover__background has-primary-background-color has-background-dim-70 has-background-dim\"><\/span><img decoding=\"async\" width=\"913\" height=\"467\" class=\"wp-block-cover__image-background wp-image-67\" alt=\"\" src=\"https:\/\/jacsantamariadellago.com\/wp-content\/uploads\/2024\/08\/imagen_2024-08-05_085340974.png\" data-object-fit=\"cover\" srcset=\"https:\/\/jacsantamariadellago.com\/wp-content\/uploads\/2024\/08\/imagen_2024-08-05_085340974.png 913w, https:\/\/jacsantamariadellago.com\/wp-content\/uploads\/2024\/08\/imagen_2024-08-05_085340974-300x153.png 300w\" sizes=\"(max-width: 913px) 100vw, 913px\" \/><div class=\"wp-block-cover__inner-container is-layout-flow wp-block-cover-is-layout-flow\">\n<h3 class=\"wp-block-heading has-white-color has-text-color has-medium-font-size\" style=\"margin-top:0;margin-right:0;margin-bottom:0;margin-left:0\">Alquiler del Sal\u00f3n Comunal del Barrio Santa Mar\u00eda del Lago<\/h3>\n\n\n\n<p class=\"has-secondary-color has-text-color has-link-color wp-elements-808ed3a3f32c60908513a8df637af28b\" style=\"margin-top:0;margin-right:0;margin-bottom:0;margin-left:0\"><a href=\"#\" title=\"https:\/\/jacsantamariadellago.com\/index.php\/2024\/08\/05\/alquiler-del-salon-comunal-del-barrio-santa-maria-del-lago\/\">Explorar  \u2192<\/a><\/p>\n<\/div><\/div>\n<\/div>\n\n\n\n<div class=\"wp-block-column is-layout-flow wp-block-column-is-layout-flow\" style=\"padding-top:0;padding-right:0;padding-bottom:0;padding-left:0\">\n<div class=\"wp-block-cover has-custom-content-position is-position-bottom-left\" style=\"padding-top:var(--wp--preset--spacing--small);padding-right:var(--wp--preset--spacing--x-small);padding-bottom:var(--wp--preset--spacing--small);padding-left:var(--wp--preset--spacing--x-small)\"><span aria-hidden=\"true\" class=\"wp-block-cover__background has-primary-background-color has-background-dim-70 has-background-dim\"><\/span><img decoding=\"async\" width=\"357\" height=\"411\" class=\"wp-block-cover__image-background wp-image-38\" alt=\"\" src=\"https:\/\/jacsantamariadellago.com\/wp-content\/uploads\/2024\/07\/imagen_2024-07-08_201904620.png\" style=\"object-position:33% 62%\" data-object-fit=\"cover\" data-object-position=\"33% 62%\" srcset=\"https:\/\/jacsantamariadellago.com\/wp-content\/uploads\/2024\/07\/imagen_2024-07-08_201904620.png 357w, https:\/\/jacsantamariadellago.com\/wp-content\/uploads\/2024\/07\/imagen_2024-07-08_201904620-261x300.png 261w\" sizes=\"(max-width: 357px) 100vw, 357px\" \/><div class=\"wp-block-cover__inner-container is-layout-flow wp-block-cover-is-layout-flow\">\n<h3 class=\"wp-block-heading has-white-color has-text-color has-medium-font-size\" style=\"margin-top:0;margin-right:0;margin-bottom:0;margin-left:0\">Historia del Barrio Santa Mar\u00eda del Lago<\/h3>\n\n\n\n<p class=\"has-secondary-color has-text-color has-link-color wp-elements-ba18bf0d6c756635cee2dfcf18c02ed5\" style=\"margin-top:0;margin-right:0;margin-bottom:0;margin-left:0\"><a href=\"#\" title=\"https:\/\/jacsantamariadellago.com\/index.php\/2024\/08\/05\/historia-del-barrio-santa-maria-del-lago\/\">Explorar \u2192<\/a><\/p>\n<\/div><\/div>\n<\/div>\n<\/div>\n\n\n\n<div style=\"height:103px\" aria-hidden=\"true\" class=\"wp-block-spacer\"><\/div>\n<\/div>\n\n\n\n<div class=\"wp-block-group alignfull has-global-padding is-layout-constrained wp-block-group-is-layout-constrained\">\n<div class=\"wp-block-group has-global-padding is-layout-constrained wp-block-group-is-layout-constrained\" style=\"padding-top:var(--wp--preset--spacing--small);padding-bottom:var(--wp--preset--spacing--small)\">\n<div style=\"height:30px\" aria-hidden=\"true\" class=\"wp-block-spacer\"><\/div>\n\n\n\n<div class=\"wp-block-columns is-layout-flex wp-container-core-columns-is-layout-2 wp-block-columns-is-layout-flex\">\n<div class=\"wp-block-column is-vertically-aligned-center is-layout-flow wp-block-column-is-layout-flow\">\n<h2 class=\"wp-block-heading has-medium-font-size\" style=\"text-transform:uppercase\">Sobre nosotros<\/h2>\n\n\n\n<p>La junta de Acci\u00f3n comunal est\u00e1 comprometida con nuestro barrio.<\/p>\n\n\n\n<div class=\"wp-block-buttons is-horizontal is-content-justification-left is-layout-flex wp-container-core-buttons-is-layout-3 wp-block-buttons-is-layout-flex\">\n<div class=\"wp-block-button is-style-outline\"><a class=\"wp-block-button__link wp-element-button\" href=\"https:\/\/jacsantamariadellago.com\/index.php\/2024\/08\/05\/mision-vision-y-valores-de-la-jac\/\" style=\"border-radius:0px\">M\u00c1S INFORMACI\u00d3N<\/a><\/div>\n<\/div>\n\n\n\n<p><\/p>\n<\/div>\n\n\n\n<div class=\"wp-block-column is-layout-flow wp-block-column-is-layout-flow\">\n<figure class=\"wp-block-image size-full is-resized\"><img loading=\"lazy\" decoding=\"async\" width=\"2560\" height=\"1920\" src=\"https:\/\/jacsantamariadellago.com\/wp-content\/uploads\/2024\/08\/20230124_200619-edited-1-scaled.jpg\" alt=\"\" class=\"wp-image-94\" style=\"width:550px;height:auto\" srcset=\"https:\/\/jacsantamariadellago.com\/wp-content\/uploads\/2024\/08\/20230124_200619-edited-1-scaled.jpg 2560w, https:\/\/jacsantamariadellago.com\/wp-content\/uploads\/2024\/08\/20230124_200619-edited-1-300x225.jpg 300w, https:\/\/jacsantamariadellago.com\/wp-content\/uploads\/2024\/08\/20230124_200619-edited-1-1024x768.jpg 1024w, https:\/\/jacsantamariadellago.com\/wp-content\/uploads\/2024\/08\/20230124_200619-edited-1-2000x1500.jpg 2000w\" sizes=\"(max-width: 2560px) 100vw, 2560px\" \/><\/figure>\n<\/div>\n<\/div>\n\n\n\n<div style=\"height:30px\" aria-hidden=\"true\" class=\"wp-block-spacer\"><\/div>\n<\/div>\n<\/div>\n\n\n\n<div class=\"wp-block-group alignfull has-background has-global-padding is-layout-constrained wp-block-group-is-layout-constrained\" style=\"background-color:#f8f8f8\">\n<div class=\"wp-block-group has-global-padding is-layout-constrained wp-block-group-is-layout-constrained\" style=\"padding-top:var(--wp--preset--spacing--small);padding-bottom:var(--wp--preset--spacing--small)\">\n<div style=\"height:30px\" aria-hidden=\"true\" class=\"wp-block-spacer\"><\/div>\n\n\n\n<div class=\"wp-block-columns are-vertically-aligned-center is-layout-flex wp-container-core-columns-is-layout-3 wp-block-columns-is-layout-flex\">\n<div class=\"wp-block-column is-vertically-aligned-center is-layout-flow wp-block-column-is-layout-flow\">\n<figure class=\"wp-block-image size-full\"><img loading=\"lazy\" decoding=\"async\" width=\"703\" height=\"528\" src=\"https:\/\/jacsantamariadellago.com\/wp-content\/uploads\/2024\/07\/imagen_2024-07-08_201955380.png\" alt=\"\" class=\"wp-image-39\" srcset=\"https:\/\/jacsantamariadellago.com\/wp-content\/uploads\/2024\/07\/imagen_2024-07-08_201955380.png 703w, https:\/\/jacsantamariadellago.com\/wp-content\/uploads\/2024\/07\/imagen_2024-07-08_201955380-300x225.png 300w\" sizes=\"(max-width: 703px) 100vw, 703px\" \/><\/figure>\n<\/div>\n\n\n\n<div class=\"wp-block-column is-vertically-aligned-center is-layout-flow wp-block-column-is-layout-flow\">\n<h2 class=\"wp-block-heading has-medium-font-size\" style=\"text-transform:uppercase\"><a href=\"https:\/\/jacsantamariadellago.com\/index.php\/2024\/08\/05\/como-formar-parte-de-la-junta-de-accion-comunal-del-barrio-santa-maria-del-lago\/\">Forma Parte de la Junta de Acci\u00f3n Comunal del Barrio Santa Mar\u00eda del Lago<\/a><\/h2>\n\n\n\n<p>Conoce como puedes hacer parte de la JAC y servir a la comunidad.<\/p>\n\n\n\n<div class=\"wp-block-buttons is-layout-flex wp-block-buttons-is-layout-flex\">\n<div class=\"wp-block-button is-style-outline\"><a class=\"wp-block-button__link wp-element-button\" href=\"https:\/\/jacsantamariadellago.com\/index.php\/2024\/08\/05\/como-formar-parte-de-la-junta-de-accion-comunal-del-barrio-santa-maria-del-lago\/\" style=\"border-radius:0px\">M\u00c1S INFORMACI\u00d3N<\/a><\/div>\n<\/div>\n<\/div>\n<\/div>\n\n\n\n<div style=\"height:30px\" aria-hidden=\"true\" class=\"wp-block-spacer\"><\/div>\n<\/div>\n<\/div>\n\n\n\n<div id=\"team\" class=\"wp-block-group has-global-padding is-layout-constrained wp-block-group-is-layout-constrained\"><\/div>\n\n\n\n<div class=\"wp-block-cover alignfull has-parallax is-position-center-center\" style=\"border-radius:0px\"><span aria-hidden=\"true\" class=\"wp-block-cover__background has-black-background-color has-background-dim-40 has-background-dim\"><\/span><div class=\"wp-block-cover__image-background wp-image-73 has-parallax\" style=\"background-position:50% 50%;background-image:url(https:\/\/jacsantamariadellago.com\/wp-content\/uploads\/2024\/08\/20240618_080941-scaled.jpg)\"><\/div><div class=\"wp-block-cover__inner-container is-layout-flow wp-block-cover-is-layout-flow\">\n<div class=\"wp-block-group has-global-padding is-layout-constrained wp-block-group-is-layout-constrained\">\n<h3 class=\"wp-block-heading has-text-align-center has-text-color has-medium-font-size\" style=\"color:#fffffa;text-transform:uppercase\">Salvemos el humedal<\/h3>\n\n\n\n<p class=\"has-text-align-center has-white-color has-text-color\">Nuestro humedal es patrimonio de la humanidad. Conoce como cuidarlo y protegerlo.<\/p>\n\n\n\n<div style=\"height:31px\" aria-hidden=\"true\" class=\"wp-block-spacer\"><\/div>\n\n\n\n<div class=\"wp-block-buttons is-horizontal is-content-justification-center is-layout-flex wp-container-core-buttons-is-layout-5 wp-block-buttons-is-layout-flex\">\n<div class=\"wp-block-button is-style-outline\"><a class=\"wp-block-button__link has-white-color has-text-color wp-element-button\" href=\"#\" style=\"border-radius:0px\">M\u00c1S INFORMACI\u00d3N<\/a><\/div>\n<\/div>\n<\/div>\n<\/div><\/div>\n\n\n\n<div id=\"news\" class=\"wp-block-group has-global-padding is-layout-constrained wp-block-group-is-layout-constrained\">\n<p class=\"has-text-align-left has-secondary-color has-text-color\">BLOG<\/p>\n\n\n\n<h2 class=\"wp-block-heading has-text-align-left\">\u00daltimas publicaciones<\/h2>\n\n\n\n<div style=\"height:33px\" aria-hidden=\"true\" class=\"wp-block-spacer\"><\/div>\n\n\n\n<div class=\"wp-block-query is-layout-flow wp-block-query-is-layout-flow\"><ul class=\"columns-3 wp-block-post-template is-layout-grid wp-container-core-post-template-is-layout-1 wp-block-post-template-is-layout-grid\"><li class=\"wp-block-post post-253 post type-post status-publish format-standard has-post-thumbnail hentry category-noticias\">\n<figure style=\"width:100%;height:240px; margin-bottom:var(--wp--preset--spacing--x-small);\" class=\"wp-block-post-featured-image\"><a href=\"https:\/\/jacsantamariadellago.com\/index.php\/2024\/11\/06\/celebracion-dia-de-los-ninos\/\" target=\"_self\"  style=\"height:240px\"><img loading=\"lazy\" decoding=\"async\" width=\"800\" height=\"450\" src=\"https:\/\/jacsantamariadellago.com\/wp-content\/uploads\/2024\/11\/WhatsApp-Image-2024-11-01-at-10.27.38-AM-edited-1.jpeg\" class=\"attachment-post-thumbnail size-post-thumbnail wp-post-image\" alt=\"CELEBRACI\u00d3N D\u00cdA DE LOS NI\u00d1OS\" style=\"border-radius:5px;height:240px;object-fit:cover;\" srcset=\"https:\/\/jacsantamariadellago.com\/wp-content\/uploads\/2024\/11\/WhatsApp-Image-2024-11-01-at-10.27.38-AM-edited-1.jpeg 800w, https:\/\/jacsantamariadellago.com\/wp-content\/uploads\/2024\/11\/WhatsApp-Image-2024-11-01-at-10.27.38-AM-edited-1-300x169.jpeg 300w\" sizes=\"100vw\" \/><\/a><\/figure>\n\n<div style=\"margin-top:0;margin-bottom:0;\" class=\"has-link-color has-text-color has-tertiary-color wp-block-post-date wp-elements-a1817b6b9e4eaefd5826fde68b0a8fdb\"><time datetime=\"2024-11-06T22:57:43-05:00\">6 November, 2024<\/time><\/div>\n\n<h3 style=\"margin-top:0;margin-bottom:var(--wp--preset--spacing--x-small);\" class=\"has-link-color wp-block-post-title wp-elements-2e75b4e4fab489cf445e03eda13279d1\"><a href=\"https:\/\/jacsantamariadellago.com\/index.php\/2024\/11\/06\/celebracion-dia-de-los-ninos\/\" target=\"_self\" >CELEBRACI\u00d3N D\u00cdA DE LOS NI\u00d1OS<\/a><\/h3>\n\n<div class=\"has-link-color has-text-color has-tertiary-color wp-block-post-excerpt wp-elements-61eeeb1d6c31f3761cb8bc35b6e1a095\"><p class=\"wp-block-post-excerpt__excerpt\">El pasado 31 de octubre, la Junta de Acci\u00f3n Comunal de Santa Maria Del Lago celebr\u00f3, como cada a\u00f1o, el D\u00eda de los Ni\u00f1os. A pesar de las fuertes lluvias, nada pudo frenar el entusiasmo y la alegr\u00eda&hellip; <\/p><\/div>\n\n<a style=\"border-width:2px; padding-right:var(--wp--preset--spacing--x-small);padding-left:var(--wp--preset--spacing--x-small);padding-top:10px;padding-bottom:10px; text-transform:uppercase;\" class=\"has-text-color has-foreground-color wp-block-read-more\" href=\"https:\/\/jacsantamariadellago.com\/index.php\/2024\/11\/06\/celebracion-dia-de-los-ninos\/\" target=\"_self\">Read more<span class=\"screen-reader-text\">: CELEBRACI\u00d3N D\u00cdA DE LOS NI\u00d1OS<\/span><\/a>\n<\/li><li class=\"wp-block-post post-164 post type-post status-publish format-standard has-post-thumbnail hentry category-humedal category-noticias\">\n<figure style=\"width:100%;height:240px; margin-bottom:var(--wp--preset--spacing--x-small);\" class=\"wp-block-post-featured-image\"><a href=\"https:\/\/jacsantamariadellago.com\/index.php\/2024\/10\/21\/humedal-santa-maria-del-lago-de-todos-y-para-todos\/\" target=\"_self\"  style=\"height:240px\"><img loading=\"lazy\" decoding=\"async\" width=\"1600\" height=\"1200\" src=\"https:\/\/jacsantamariadellago.com\/wp-content\/uploads\/2024\/10\/WhatsApp-Image-2024-10-07-at-11.49.56-PM.jpeg\" class=\"attachment-post-thumbnail size-post-thumbnail wp-post-image\" alt=\"HUMEDAL SANTA MARIA DEL LAGO, DE TODOS Y PARA TODOS\" style=\"border-radius:5px;height:240px;object-fit:cover;\" srcset=\"https:\/\/jacsantamariadellago.com\/wp-content\/uploads\/2024\/10\/WhatsApp-Image-2024-10-07-at-11.49.56-PM.jpeg 1600w, https:\/\/jacsantamariadellago.com\/wp-content\/uploads\/2024\/10\/WhatsApp-Image-2024-10-07-at-11.49.56-PM-300x225.jpeg 300w, https:\/\/jacsantamariadellago.com\/wp-content\/uploads\/2024\/10\/WhatsApp-Image-2024-10-07-at-11.49.56-PM-1024x768.jpeg 1024w\" sizes=\"100vw\" \/><\/a><\/figure>\n\n<div style=\"margin-top:0;margin-bottom:0;\" class=\"has-link-color has-text-color has-tertiary-color wp-block-post-date wp-elements-a1817b6b9e4eaefd5826fde68b0a8fdb\"><time datetime=\"2024-10-21T23:39:12-05:00\">21 October, 2024<\/time><\/div>\n\n<h3 style=\"margin-top:0;margin-bottom:var(--wp--preset--spacing--x-small);\" class=\"has-link-color wp-block-post-title wp-elements-2e75b4e4fab489cf445e03eda13279d1\"><a href=\"https:\/\/jacsantamariadellago.com\/index.php\/2024\/10\/21\/humedal-santa-maria-del-lago-de-todos-y-para-todos\/\" target=\"_self\" >HUMEDAL SANTA MARIA DEL LAGO, DE TODOS Y PARA TODOS<\/a><\/h3>\n\n<div class=\"has-link-color has-text-color has-tertiary-color wp-block-post-excerpt wp-elements-61eeeb1d6c31f3761cb8bc35b6e1a095\"><p class=\"wp-block-post-excerpt__excerpt\">&#8220;A lo largo del tiempo, el humedal SANTA MARIA DEL LAGO ha sido el centro de atenci\u00f3n para cientos de personas. Algunos lo apoyan, otros se oponen a su desarrollo y su importancia en el \u00e1mbito ambiental, pero&hellip; <\/p><\/div>\n\n<a style=\"border-width:2px; padding-right:var(--wp--preset--spacing--x-small);padding-left:var(--wp--preset--spacing--x-small);padding-top:10px;padding-bottom:10px; text-transform:uppercase;\" class=\"has-text-color has-foreground-color wp-block-read-more\" href=\"https:\/\/jacsantamariadellago.com\/index.php\/2024\/10\/21\/humedal-santa-maria-del-lago-de-todos-y-para-todos\/\" target=\"_self\">Read more<span class=\"screen-reader-text\">: HUMEDAL SANTA MARIA DEL LAGO, DE TODOS Y PARA TODOS<\/span><\/a>\n<\/li><li class=\"wp-block-post post-214 post type-post status-publish format-standard has-post-thumbnail hentry category-cultura\">\n<figure style=\"width:100%;height:240px; margin-bottom:var(--wp--preset--spacing--x-small);\" class=\"wp-block-post-featured-image\"><a href=\"https:\/\/jacsantamariadellago.com\/index.php\/2024\/10\/16\/dia-de-los-ninos\/\" target=\"_self\"  style=\"height:240px\"><img loading=\"lazy\" decoding=\"async\" width=\"1131\" height=\"1600\" src=\"https:\/\/jacsantamariadellago.com\/wp-content\/uploads\/2024\/10\/WhatsApp-Image-2024-10-15-at-8.32.31-PM.jpeg\" class=\"attachment-post-thumbnail size-post-thumbnail wp-post-image\" alt=\"D\u00eda de los ni\u00f1os del barrio Santa Maria del Lago\" style=\"border-radius:5px;height:240px;object-fit:cover;\" srcset=\"https:\/\/jacsantamariadellago.com\/wp-content\/uploads\/2024\/10\/WhatsApp-Image-2024-10-15-at-8.32.31-PM.jpeg 1131w, https:\/\/jacsantamariadellago.com\/wp-content\/uploads\/2024\/10\/WhatsApp-Image-2024-10-15-at-8.32.31-PM-212x300.jpeg 212w, https:\/\/jacsantamariadellago.com\/wp-content\/uploads\/2024\/10\/WhatsApp-Image-2024-10-15-at-8.32.31-PM-724x1024.jpeg 724w\" sizes=\"100vw\" \/><\/a><\/figure>\n\n<div style=\"margin-top:0;margin-bottom:0;\" class=\"has-link-color has-text-color has-tertiary-color wp-block-post-date wp-elements-a1817b6b9e4eaefd5826fde68b0a8fdb\"><time datetime=\"2024-10-16T22:44:22-05:00\">16 October, 2024<\/time><\/div>\n\n<h3 style=\"margin-top:0;margin-bottom:var(--wp--preset--spacing--x-small);\" class=\"has-link-color wp-block-post-title wp-elements-2e75b4e4fab489cf445e03eda13279d1\"><a href=\"https:\/\/jacsantamariadellago.com\/index.php\/2024\/10\/16\/dia-de-los-ninos\/\" target=\"_self\" >D\u00eda de los ni\u00f1os del barrio Santa Maria del Lago<\/a><\/h3>\n\n<div class=\"has-link-color has-text-color has-tertiary-color wp-block-post-excerpt wp-elements-61eeeb1d6c31f3761cb8bc35b6e1a095\"><p class=\"wp-block-post-excerpt__excerpt\">Actividades de Octubre para los Ni\u00f1os Este mes de octubre, hemos preparado dos actividades muy especiales, enfocadas en lo m\u00e1s valioso que tiene nuestra comunidad: los ni\u00f1os. Queremos brindarles espacios de aprendizaje y diversi\u00f3n, dise\u00f1ados especialmente para ellos.&hellip; <\/p><\/div>\n\n<a style=\"border-width:2px; padding-right:var(--wp--preset--spacing--x-small);padding-left:var(--wp--preset--spacing--x-small);padding-top:10px;padding-bottom:10px; text-transform:uppercase;\" class=\"has-text-color has-foreground-color wp-block-read-more\" href=\"https:\/\/jacsantamariadellago.com\/index.php\/2024\/10\/16\/dia-de-los-ninos\/\" target=\"_self\">Read more<span class=\"screen-reader-text\">: D\u00eda de los ni\u00f1os del barrio Santa Maria del Lago<\/span><\/a>\n<\/li><\/ul>\n\n<\/div>\n\n\n\n<div style=\"height:85px\" aria-hidden=\"true\" class=\"wp-block-spacer\"><\/div>\n<\/div>\n","protected":false},"excerpt":{"rendered":"<p>Junta de Acci\u00f3n Comunal Santa Mar\u00eda del Lago Nos place anunciar a la comunidad la p\u00e1gina web oficial de la Junta de acci\u00f3n Comunal Santa Mar\u00eda del Lago Conoce m\u00e1s sobre nuestro barrio Sobre nosotros La junta de Acci\u00f3n comunal est\u00e1 comprometida con nuestro barrio. Forma Parte de la Junta de Acci\u00f3n Comunal del Barrio &hellip; <\/p>\n<p class=\"link-more\"><a href=\"https:\/\/jacsantamariadellago.com\/\" class=\"more-link\">Read more<span class=\"screen-reader-text\"> &#8220;Homepage&#8221;<\/span><\/a><\/p>\n","protected":false},"author":1,"featured_media":0,"parent":0,"menu_order":0,"comment_status":"closed","ping_status":"closed","template":"page-templates\/homepage-no-hero.php","meta":{"_monsterinsights_skip_tracking":false,"_monsterinsights_sitenote_active":false,"_monsterinsights_sitenote_note":"","_monsterinsights_sitenote_category":0,"_themeisle_gutenberg_block_has_review":false,"footnotes":""},"aioseo_notices":[],"_links":{"self":[{"href":"https:\/\/jacsantamariadellago.com\/index.php\/wp-json\/wp\/v2\/pages\/9"}],"collection":[{"href":"https:\/\/jacsantamariadellago.com\/index.php\/wp-json\/wp\/v2\/pages"}],"about":[{"href":"https:\/\/jacsantamariadellago.com\/index.php\/wp-json\/wp\/v2\/types\/page"}],"author":[{"embeddable":true,"href":"https:\/\/jacsantamariadellago.com\/index.php\/wp-json\/wp\/v2\/users\/1"}],"replies":[{"embeddable":true,"href":"https:\/\/jacsantamariadellago.com\/index.php\/wp-json\/wp\/v2\/comments?post=9"}],"version-history":[{"count":11,"href":"https:\/\/jacsantamariadellago.com\/index.php\/wp-json\/wp\/v2\/pages\/9\/revisions"}],"predecessor-version":[{"id":221,"href":"https:\/\/jacsantamariadellago.com\/index.php\/wp-json\/wp\/v2\/pages\/9\/revisions\/221"}],"wp:attachment":[{"href":"https:\/\/jacsantamariadellago.com\/index.php\/wp-json\/wp\/v2\/media?parent=9"}],"curies":[{"name":"wp","href":"https:\/\/api.w.org\/{rel}","templated":true}]}}